{"id":2485,"date":"2021-01-27T17:20:04","date_gmt":"2021-01-27T17:20:04","guid":{"rendered":"https:\/\/pintadas.ba.gov.br\/wp\/?page_id=2485"},"modified":"2025-01-09T20:28:28","modified_gmt":"2025-01-09T20:28:28","slug":"secretaria-de-de-saude","status":"publish","type":"page","link":"https:\/\/pintadas.ba.gov.br\/wp\/secretaria-de-de-saude\/","title":{"rendered":"Secretaria de de Sa\u00fade"},"content":{"rendered":"\t\t<div data-elementor-type=\"wp-page\" data-elementor-id=\"2485\" class=\"elementor elementor-2485\" data-elementor-post-type=\"page\">\n\t\t\t\t\t\t<section class=\"elementor-section elementor-top-section elementor-element elementor-element-bc62f02 elementor-section-boxed elementor-section-height-default elementor-section-height-default\" data-id=\"bc62f02\" data-element_type=\"section\" data-e-type=\"section\">\n\t\t\t\t\t\t<div class=\"elementor-container elementor-column-gap-default\">\n\t\t\t\t\t<div class=\"elementor-column elementor-col-33 elementor-top-column elementor-element elementor-element-27ca875\" data-id=\"27ca875\" data-element_type=\"column\" data-e-type=\"column\">\n\t\t\t<div class=\"elementor-widget-wrap elementor-element-populated\">\n\t\t\t\t\t\t<div class=\"elementor-element elementor-element-2f9a1b8 elementor-widget elementor-widget-image\" data-id=\"2f9a1b8\" data-element_type=\"widget\" data-e-type=\"widget\" data-widget_type=\"image.default\">\n\t\t\t\t<div class=\"elementor-widget-container\">\n\t\t\t\t\t\t\t\t\t\t\t\t<figure class=\"wp-caption\">\n\t\t\t\t\t\t\t\t\t\t<img fetchpriority=\"high\" decoding=\"async\" width=\"1024\" height=\"683\" src=\"https:\/\/pintadas.ba.gov.br\/wp\/wp-content\/uploads\/2025\/01\/Normalene-Rios-saude-ft-1024x683.jpg\" class=\"attachment-large size-large wp-image-3284\" alt=\"\" srcset=\"https:\/\/pintadas.ba.gov.br\/wp\/wp-content\/uploads\/2025\/01\/Normalene-Rios-saude-ft-1024x683.jpg 1024w, https:\/\/pintadas.ba.gov.br\/wp\/wp-content\/uploads\/2025\/01\/Normalene-Rios-saude-ft-300x200.jpg 300w, https:\/\/pintadas.ba.gov.br\/wp\/wp-content\/uploads\/2025\/01\/Normalene-Rios-saude-ft-768x512.jpg 768w, https:\/\/pintadas.ba.gov.br\/wp\/wp-content\/uploads\/2025\/01\/Normalene-Rios-saude-ft-219x146.jpg 219w, https:\/\/pintadas.ba.gov.br\/wp\/wp-content\/uploads\/2025\/01\/Normalene-Rios-saude-ft-50x33.jpg 50w, https:\/\/pintadas.ba.gov.br\/wp\/wp-content\/uploads\/2025\/01\/Normalene-Rios-saude-ft-113x75.jpg 113w, https:\/\/pintadas.ba.gov.br\/wp\/wp-content\/uploads\/2025\/01\/Normalene-Rios-saude-ft.jpg 1200w\" sizes=\"(max-width: 1024px) 100vw, 1024px\" \/>\t\t\t\t\t\t\t\t\t\t\t<figcaption class=\"widget-image-caption wp-caption-text\"><\/figcaption>\n\t\t\t\t\t\t\t\t\t\t<\/figure>\n\t\t\t\t\t\t\t\t\t<\/div>\n\t\t\t\t<\/div>\n\t\t\t\t\t<\/div>\n\t\t<\/div>\n\t\t\t\t<div class=\"elementor-column elementor-col-66 elementor-top-column elementor-element elementor-element-c8a294a\" data-id=\"c8a294a\" data-element_type=\"column\" data-e-type=\"column\">\n\t\t\t<div class=\"elementor-widget-wrap elementor-element-populated\">\n\t\t\t\t\t\t<div class=\"elementor-element elementor-element-f776022 elementor-widget elementor-widget-text-editor\" data-id=\"f776022\" data-element_type=\"widget\" data-e-type=\"widget\" data-widget_type=\"text-editor.default\">\n\t\t\t\t<div class=\"elementor-widget-container\">\n\t\t\t\t\t\t\t\t\t<h3><b>Secret\u00e1ria:\u00a0<\/b>Normalene Nascimento Rios<\/h3><h3><strong>Endere\u00e7o:<\/strong> Rua Ant\u00f4nio Pinheiro da Silva &#8211; CEP: 44610-000- Centro &#8211; Pintadas-BA<\/h3><h3><strong>E-mail:<\/strong> <a href=\"mailto:sms@pintadas.ba.gov.br\">sms@pintadas.ba.gov.br<\/a><\/h3>\t\t\t\t\t\t\t\t<\/div>\n\t\t\t\t<\/div>\n\t\t\t\t\t<\/div>\n\t\t<\/div>\n\t\t\t\t\t<\/div>\n\t\t<\/section>\n\t\t\t\t<section class=\"elementor-section elementor-top-section elementor-element elementor-element-e65d297 elementor-section-boxed elementor-section-height-default elementor-section-height-default\" data-id=\"e65d297\" data-element_type=\"section\" data-e-type=\"section\">\n\t\t\t\t\t\t<div class=\"elementor-container elementor-column-gap-default\">\n\t\t\t\t\t<div class=\"elementor-column elementor-col-100 elementor-top-column elementor-element elementor-element-081a046\" data-id=\"081a046\" data-element_type=\"column\" data-e-type=\"column\">\n\t\t\t<div class=\"elementor-widget-wrap elementor-element-populated\">\n\t\t\t\t\t\t<div class=\"elementor-element elementor-element-97ee5ef elementor-widget-divider--view-line elementor-widget elementor-widget-divider\" data-id=\"97ee5ef\" data-element_type=\"widget\" data-e-type=\"widget\" data-widget_type=\"divider.default\">\n\t\t\t\t<div class=\"elementor-widget-container\">\n\t\t\t\t\t\t\t<div class=\"elementor-divider\">\n\t\t\t<span class=\"elementor-divider-separator\">\n\t\t\t\t\t\t<\/span>\n\t\t<\/div>\n\t\t\t\t\t\t<\/div>\n\t\t\t\t<\/div>\n\t\t\t\t\t<\/div>\n\t\t<\/div>\n\t\t\t\t\t<\/div>\n\t\t<\/section>\n\t\t\t\t<section class=\"elementor-section elementor-top-section elementor-element elementor-element-0440293 elementor-section-boxed elementor-section-height-default elementor-section-height-default\" data-id=\"0440293\" data-element_type=\"section\" data-e-type=\"section\">\n\t\t\t\t\t\t<div class=\"elementor-container elementor-column-gap-default\">\n\t\t\t\t\t<div class=\"elementor-column elementor-col-100 elementor-top-column elementor-element elementor-element-1317c70\" data-id=\"1317c70\" data-element_type=\"column\" data-e-type=\"column\">\n\t\t\t<div class=\"elementor-widget-wrap elementor-element-populated\">\n\t\t\t\t\t\t<div class=\"elementor-element elementor-element-382efe5 elementor-grid-4 elementor-grid-tablet-2 elementor-grid-mobile-1 elementor-posts--thumbnail-top elementor-widget elementor-widget-posts\" data-id=\"382efe5\" data-element_type=\"widget\" data-e-type=\"widget\" data-settings=\"{&quot;classic_columns&quot;:&quot;4&quot;,&quot;classic_columns_tablet&quot;:&quot;2&quot;,&quot;classic_columns_mobile&quot;:&quot;1&quot;,&quot;classic_row_gap&quot;:{&quot;unit&quot;:&quot;px&quot;,&quot;size&quot;:35,&quot;sizes&quot;:[]},&quot;classic_row_gap_tablet&quot;:{&quot;unit&quot;:&quot;px&quot;,&quot;size&quot;:&quot;&quot;,&quot;sizes&quot;:[]},&quot;classic_row_gap_mobile&quot;:{&quot;unit&quot;:&quot;px&quot;,&quot;size&quot;:&quot;&quot;,&quot;sizes&quot;:[]}}\" data-widget_type=\"posts.classic\">\n\t\t\t\t<div class=\"elementor-widget-container\">\n\t\t\t\t\t\t\t<div class=\"elementor-posts-container elementor-posts elementor-posts--skin-classic elementor-grid\" role=\"list\">\n\t\t\t\t<article class=\"elementor-post elementor-grid-item post-3429 post type-post status-publish format-standard has-post-thumbnail hentry category-cultura category-educacao category-esporte category-uncategorized\" role=\"listitem\">\n\t\t\t\t<a class=\"elementor-post__thumbnail__link\" href=\"https:\/\/pintadas.ba.gov.br\/wp\/2026\/05\/05\/pintadas-celebra-41-anos-com-programacao-que-movimenta-toda-a-cidade\/\" tabindex=\"-1\" >\n\t\t\t<div class=\"elementor-post__thumbnail\"><img decoding=\"async\" width=\"300\" height=\"200\" src=\"https:\/\/pintadas.ba.gov.br\/wp\/wp-content\/uploads\/2026\/05\/IMG_4942-300x200.jpg\" class=\"attachment-medium size-medium wp-image-3421\" alt=\"\" srcset=\"https:\/\/pintadas.ba.gov.br\/wp\/wp-content\/uploads\/2026\/05\/IMG_4942-300x200.jpg 300w, https:\/\/pintadas.ba.gov.br\/wp\/wp-content\/uploads\/2026\/05\/IMG_4942-1024x683.jpg 1024w, https:\/\/pintadas.ba.gov.br\/wp\/wp-content\/uploads\/2026\/05\/IMG_4942-768x512.jpg 768w, https:\/\/pintadas.ba.gov.br\/wp\/wp-content\/uploads\/2026\/05\/IMG_4942-1536x1024.jpg 1536w, https:\/\/pintadas.ba.gov.br\/wp\/wp-content\/uploads\/2026\/05\/IMG_4942-2048x1365.jpg 2048w, https:\/\/pintadas.ba.gov.br\/wp\/wp-content\/uploads\/2026\/05\/IMG_4942-219x146.jpg 219w, https:\/\/pintadas.ba.gov.br\/wp\/wp-content\/uploads\/2026\/05\/IMG_4942-50x33.jpg 50w, https:\/\/pintadas.ba.gov.br\/wp\/wp-content\/uploads\/2026\/05\/IMG_4942-113x75.jpg 113w\" sizes=\"(max-width: 300px) 100vw, 300px\" \/><\/div>\n\t\t<\/a>\n\t\t\t\t<div class=\"elementor-post__text\">\n\t\t\t\t<h4 class=\"elementor-post__title\">\n\t\t\t<a href=\"https:\/\/pintadas.ba.gov.br\/wp\/2026\/05\/05\/pintadas-celebra-41-anos-com-programacao-que-movimenta-toda-a-cidade\/\" >\n\t\t\t\tPintadas celebra 41 anos com programa\u00e7\u00e3o que movimenta toda a cidade\t\t\t<\/a>\n\t\t<\/h4>\n\t\t\t\t<\/div>\n\t\t\t\t<\/article>\n\t\t\t\t<article class=\"elementor-post elementor-grid-item post-3355 post type-post status-publish format-standard has-post-thumbnail hentry category-educacao category-uncategorized\" role=\"listitem\">\n\t\t\t\t<a class=\"elementor-post__thumbnail__link\" href=\"https:\/\/pintadas.ba.gov.br\/wp\/2025\/06\/11\/entrega-de-cestas-presenca-dejap\/\" tabindex=\"-1\" >\n\t\t\t<div class=\"elementor-post__thumbnail\"><img decoding=\"async\" width=\"300\" height=\"188\" src=\"https:\/\/pintadas.ba.gov.br\/wp\/wp-content\/uploads\/2025\/06\/502940838_18068136566496683_4891629490984919451_n-300x188.jpg\" class=\"attachment-medium size-medium wp-image-3356\" alt=\"\" srcset=\"https:\/\/pintadas.ba.gov.br\/wp\/wp-content\/uploads\/2025\/06\/502940838_18068136566496683_4891629490984919451_n-300x188.jpg 300w, https:\/\/pintadas.ba.gov.br\/wp\/wp-content\/uploads\/2025\/06\/502940838_18068136566496683_4891629490984919451_n-232x146.jpg 232w, https:\/\/pintadas.ba.gov.br\/wp\/wp-content\/uploads\/2025\/06\/502940838_18068136566496683_4891629490984919451_n-50x31.jpg 50w, https:\/\/pintadas.ba.gov.br\/wp\/wp-content\/uploads\/2025\/06\/502940838_18068136566496683_4891629490984919451_n-119x75.jpg 119w, https:\/\/pintadas.ba.gov.br\/wp\/wp-content\/uploads\/2025\/06\/502940838_18068136566496683_4891629490984919451_n.jpg 640w\" sizes=\"(max-width: 300px) 100vw, 300px\" \/><\/div>\n\t\t<\/a>\n\t\t\t\t<div class=\"elementor-post__text\">\n\t\t\t\t<h4 class=\"elementor-post__title\">\n\t\t\t<a href=\"https:\/\/pintadas.ba.gov.br\/wp\/2025\/06\/11\/entrega-de-cestas-presenca-dejap\/\" >\n\t\t\t\tPintadas lan\u00e7a o PRODEP e inicia nova fase na educa\u00e7\u00e3o municipal\t\t\t<\/a>\n\t\t<\/h4>\n\t\t\t\t<\/div>\n\t\t\t\t<\/article>\n\t\t\t\t<article class=\"elementor-post elementor-grid-item post-3217 post type-post status-publish format-standard has-post-thumbnail hentry category-educacao category-uncategorized\" role=\"listitem\">\n\t\t\t\t<a class=\"elementor-post__thumbnail__link\" href=\"https:\/\/pintadas.ba.gov.br\/wp\/2024\/01\/04\/elementor-3217\/\" tabindex=\"-1\" >\n\t\t\t<div class=\"elementor-post__thumbnail\"><img loading=\"lazy\" decoding=\"async\" width=\"300\" height=\"200\" src=\"https:\/\/pintadas.ba.gov.br\/wp\/wp-content\/uploads\/2024\/01\/IMG_3582-300x200.jpg\" class=\"attachment-medium size-medium wp-image-3219\" alt=\"\" srcset=\"https:\/\/pintadas.ba.gov.br\/wp\/wp-content\/uploads\/2024\/01\/IMG_3582-300x200.jpg 300w, https:\/\/pintadas.ba.gov.br\/wp\/wp-content\/uploads\/2024\/01\/IMG_3582-1024x683.jpg 1024w, https:\/\/pintadas.ba.gov.br\/wp\/wp-content\/uploads\/2024\/01\/IMG_3582-768x512.jpg 768w, https:\/\/pintadas.ba.gov.br\/wp\/wp-content\/uploads\/2024\/01\/IMG_3582-1536x1024.jpg 1536w, https:\/\/pintadas.ba.gov.br\/wp\/wp-content\/uploads\/2024\/01\/IMG_3582-2048x1365.jpg 2048w, https:\/\/pintadas.ba.gov.br\/wp\/wp-content\/uploads\/2024\/01\/IMG_3582-219x146.jpg 219w, https:\/\/pintadas.ba.gov.br\/wp\/wp-content\/uploads\/2024\/01\/IMG_3582-50x33.jpg 50w, https:\/\/pintadas.ba.gov.br\/wp\/wp-content\/uploads\/2024\/01\/IMG_3582-113x75.jpg 113w\" sizes=\"(max-width: 300px) 100vw, 300px\" \/><\/div>\n\t\t<\/a>\n\t\t\t\t<div class=\"elementor-post__text\">\n\t\t\t\t<h4 class=\"elementor-post__title\">\n\t\t\t<a href=\"https:\/\/pintadas.ba.gov.br\/wp\/2024\/01\/04\/elementor-3217\/\" >\n\t\t\t\tEntrega de Cestas Presen\u00e7a DEJAP\t\t\t<\/a>\n\t\t<\/h4>\n\t\t\t\t<\/div>\n\t\t\t\t<\/article>\n\t\t\t\t<article class=\"elementor-post elementor-grid-item post-3156 post type-post status-publish format-standard has-post-thumbnail hentry category-educacao category-governo\" role=\"listitem\">\n\t\t\t\t<a class=\"elementor-post__thumbnail__link\" href=\"https:\/\/pintadas.ba.gov.br\/wp\/2023\/07\/12\/ultimas-novidades-estamos-empolgados-em-anunciar-que-estamos-entregando-e-reformando-mais-um-onibus-escolar-%f0%9f%9a%8d%e2%9c%a8\/\" tabindex=\"-1\" >\n\t\t\t<div class=\"elementor-post__thumbnail\"><img loading=\"lazy\" decoding=\"async\" width=\"240\" height=\"300\" src=\"https:\/\/pintadas.ba.gov.br\/wp\/wp-content\/uploads\/2023\/07\/Card-Reforma-Onibus-Escolares-2-1-240x300.jpg\" class=\"attachment-medium size-medium wp-image-3157\" alt=\"\" srcset=\"https:\/\/pintadas.ba.gov.br\/wp\/wp-content\/uploads\/2023\/07\/Card-Reforma-Onibus-Escolares-2-1-240x300.jpg 240w, https:\/\/pintadas.ba.gov.br\/wp\/wp-content\/uploads\/2023\/07\/Card-Reforma-Onibus-Escolares-2-1-819x1024.jpg 819w, https:\/\/pintadas.ba.gov.br\/wp\/wp-content\/uploads\/2023\/07\/Card-Reforma-Onibus-Escolares-2-1-768x960.jpg 768w, https:\/\/pintadas.ba.gov.br\/wp\/wp-content\/uploads\/2023\/07\/Card-Reforma-Onibus-Escolares-2-1-117x146.jpg 117w, https:\/\/pintadas.ba.gov.br\/wp\/wp-content\/uploads\/2023\/07\/Card-Reforma-Onibus-Escolares-2-1-40x50.jpg 40w, https:\/\/pintadas.ba.gov.br\/wp\/wp-content\/uploads\/2023\/07\/Card-Reforma-Onibus-Escolares-2-1-60x75.jpg 60w, https:\/\/pintadas.ba.gov.br\/wp\/wp-content\/uploads\/2023\/07\/Card-Reforma-Onibus-Escolares-2-1.jpg 1080w\" sizes=\"(max-width: 240px) 100vw, 240px\" \/><\/div>\n\t\t<\/a>\n\t\t\t\t<div class=\"elementor-post__text\">\n\t\t\t\t<h4 class=\"elementor-post__title\">\n\t\t\t<a href=\"https:\/\/pintadas.ba.gov.br\/wp\/2023\/07\/12\/ultimas-novidades-estamos-empolgados-em-anunciar-que-estamos-entregando-e-reformando-mais-um-onibus-escolar-%f0%9f%9a%8d%e2%9c%a8\/\" >\n\t\t\t\t\u00daltimas novidades! Estamos empolgados em anunciar que estamos entregando e reformando mais um \u00f4nibus escolar! \ud83d\ude8d\u2728\t\t\t<\/a>\n\t\t<\/h4>\n\t\t\t\t<\/div>\n\t\t\t\t<\/article>\n\t\t\t\t<\/div>\n\t\t\n\t\t\t\t\t\t<\/div>\n\t\t\t\t<\/div>\n\t\t\t\t\t<\/div>\n\t\t<\/div>\n\t\t\t\t\t<\/div>\n\t\t<\/section>\n\t\t\t\t<section class=\"elementor-section elementor-top-section elementor-element elementor-element-55cfe91 elementor-section-boxed elementor-section-height-default elementor-section-height-default\" data-id=\"55cfe91\" data-element_type=\"section\" data-e-type=\"section\">\n\t\t\t\t\t\t<div class=\"elementor-container elementor-column-gap-default\">\n\t\t\t\t\t<div class=\"elementor-column elementor-col-100 elementor-top-column elementor-element elementor-element-36138e0\" data-id=\"36138e0\" data-element_type=\"column\" data-e-type=\"column\">\n\t\t\t<div class=\"elementor-widget-wrap\">\n\t\t\t\t\t\t\t<\/div>\n\t\t<\/div>\n\t\t\t\t\t<\/div>\n\t\t<\/section>\n\t\t\t\t<\/div>\n\t\t","protected":false},"excerpt":{"rendered":"<p>Secret\u00e1ria:\u00a0Normalene Nascimento Rios Endere\u00e7o: Rua Ant\u00f4nio Pinheiro da Silva &#8211; CEP: 44610-000- Centro &#8211; Pintadas-BA E-mail: sms@pintadas.ba.gov.br<\/p>\n","protected":false},"author":1,"featured_media":0,"parent":0,"menu_order":0,"comment_status":"closed","ping_status":"closed","template":"","meta":{"footnotes":""},"class_list":["post-2485","page","type-page","status-publish","hentry"],"_links":{"self":[{"href":"https:\/\/pintadas.ba.gov.br\/wp\/wp-json\/wp\/v2\/pages\/2485","targetHints":{"allow":["GET"]}}],"collection":[{"href":"https:\/\/pintadas.ba.gov.br\/wp\/wp-json\/wp\/v2\/pages"}],"about":[{"href":"https:\/\/pintadas.ba.gov.br\/wp\/wp-json\/wp\/v2\/types\/page"}],"author":[{"embeddable":true,"href":"https:\/\/pintadas.ba.gov.br\/wp\/wp-json\/wp\/v2\/users\/1"}],"replies":[{"embeddable":true,"href":"https:\/\/pintadas.ba.gov.br\/wp\/wp-json\/wp\/v2\/comments?post=2485"}],"version-history":[{"count":16,"href":"https:\/\/pintadas.ba.gov.br\/wp\/wp-json\/wp\/v2\/pages\/2485\/revisions"}],"predecessor-version":[{"id":3317,"href":"https:\/\/pintadas.ba.gov.br\/wp\/wp-json\/wp\/v2\/pages\/2485\/revisions\/3317"}],"wp:attachment":[{"href":"https:\/\/pintadas.ba.gov.br\/wp\/wp-json\/wp\/v2\/media?parent=2485"}],"curies":[{"name":"wp","href":"https:\/\/api.w.org\/{rel}","templated":true}]}}